{"id":18416,"date":"2022-01-28T13:46:59","date_gmt":"2022-01-28T13:46:59","guid":{"rendered":"https:\/\/lecazarls.com\/?page_id=18416"},"modified":"2023-06-26T10:34:43","modified_gmt":"2023-06-26T10:34:43","slug":"our-team","status":"publish","type":"page","link":"https:\/\/lecazarls.com\/en\/our-team\/","title":{"rendered":"Our Team"},"content":{"rendered":"<div data-elementor-type=\"wp-page\" data-elementor-id=\"18416\" class=\"elementor elementor-18416\" data-elementor-post-type=\"page\">\n\t\t\t\t\t\t<section class=\"elementor-section elementor-top-section elementor-element elementor-element-3e98b69 elementor-section-boxed elementor-section-height-default elementor-section-height-default sc_fly_static\" data-id=\"3e98b69\" data-element_type=\"section\" data-e-type=\"section\">\n\t\t\t\t\t\t<div class=\"elementor-container elementor-column-gap-extended\">\n\t\t\t\t\t<div class=\"elementor-column elementor-col-100 elementor-top-column elementor-element elementor-element-6099e05 sc_content_align_inherit sc_layouts_column_icons_position_left sc_fly_static\" data-id=\"6099e05\" data-element_type=\"column\" data-e-type=\"column\">\n\t\t\t<div class=\"elementor-widget-wrap elementor-element-populated\">\n\t\t\t\t\t\t<div class=\"elementor-element elementor-element-7e2ba4f sc_height_huge sc_fly_static elementor-widget elementor-widget-spacer\" data-id=\"7e2ba4f\" data-element_type=\"widget\" data-e-type=\"widget\" data-widget_type=\"spacer.default\">\n\t\t\t\t<div class=\"elementor-widget-container\">\n\t\t\t\t\t\t\t<div class=\"elementor-spacer\">\n\t\t\t<div class=\"elementor-spacer-inner\"><\/div>\n\t\t<\/div>\n\t\t\t\t\t\t<\/div>\n\t\t\t\t<\/div>\n\t\t\t\t<div class=\"elementor-element elementor-element-9514ab9 sc_fly_static elementor-widget elementor-widget-trx_sc_team\" data-id=\"9514ab9\" data-element_type=\"widget\" data-e-type=\"widget\" data-widget_type=\"trx_sc_team.default\">\n\t\t\t\t<div class=\"elementor-widget-container\">\n\t\t\t\t\t<div \t\tclass=\"sc_team sc_team_hover\"><div class=\"sc_team_columns_wrap sc_item_columns sc_item_posts_container trx_addons_columns_wrap columns_padding_bottom columns_in_single_row\"><div class=\"trx_addons_column-1_3 trx_addons_column-1_2-mobile\"><div data-post-id=\"1164\" class=\"sc_team_item sc_item_container post_container no_links has_post_thumbnail  post-1164 cpt_team type-cpt_team status-publish has-post-thumbnail hentry cpt_team_group-financiers\">\n\t<div class=\"post_featured sc_team_item_thumb trx_addons_hover trx_addons_hover_style_info_anim\"><img fetchpriority=\"high\" decoding=\"async\" width=\"570\" height=\"696\" src=\"https:\/\/lecazarls.com\/wp-content\/uploads\/2025\/03\/tinywow_5.-Contactenos_77549230-scaled-e1742846460816-570x696.webp\" class=\"attachment-surety-thumb-rectangle size-surety-thumb-rectangle wp-post-image\" alt=\"\" \/><div class=\"trx_addons_hover_team\"><h4 class=\"sc_team_item_title entry-title trx_addons_hover_title\"><a href=\"https:\/\/lecazarls.com\/en\/team\/jose-ignacio-de-alcazar-penuela\/\">Jos\u00e9 Ignacio de Alc\u00e1zar Pe\u00f1uela<\/a><\/h4><div class=\"sc_team_item_subtitle trx_addons_hover_title\">Managing Partner | Strategic Corporate Lawyer<\/div><div class=\"sc_team_item_socials socials_wrap trx_addons_hover_info\"><\/div><\/div><a class=\"post_link sc_team_item_link\" href=\"https:\/\/lecazarls.com\/en\/team\/jose-ignacio-de-alcazar-penuela\/\"><\/a><div class=\"trx_addons_hover_mask\"><\/div><\/div><\/div>\n<\/div><div class=\"trx_addons_column-1_3 trx_addons_column-1_2-mobile\"><div data-post-id=\"1163\" class=\"sc_team_item sc_item_container post_container no_links has_post_thumbnail  post-1163 cpt_team type-cpt_team status-publish has-post-thumbnail hentry cpt_team_group-financiers\">\n\t<div class=\"post_featured sc_team_item_thumb trx_addons_hover trx_addons_hover_style_info_anim\"><img decoding=\"async\" width=\"570\" height=\"696\" src=\"https:\/\/lecazarls.com\/wp-content\/uploads\/2020\/04\/NAG00371-570x696.jpg\" class=\"attachment-surety-thumb-rectangle size-surety-thumb-rectangle wp-post-image\" alt=\"\" \/><div class=\"trx_addons_hover_team\"><h4 class=\"sc_team_item_title entry-title trx_addons_hover_title\"><a href=\"https:\/\/lecazarls.com\/en\/team\/laura-sofia-matias-canas\/\">Laura Sof\u00eda Matias Ca\u00f1as<\/a><\/h4><div class=\"sc_team_item_subtitle trx_addons_hover_title\">Attorney \u2013 Master\u2019s Degree in Business Management and Leadership<\/div><div class=\"sc_team_item_socials socials_wrap trx_addons_hover_info\"><\/div><\/div><a class=\"post_link sc_team_item_link\" href=\"https:\/\/lecazarls.com\/en\/team\/laura-sofia-matias-canas\/\"><\/a><div class=\"trx_addons_hover_mask\"><\/div><\/div><\/div>\n<\/div><\/div><\/div>\t\t\t\t<\/div>\n\t\t\t\t<\/div>\n\t\t\t\t<div class=\"elementor-element elementor-element-1c5c6ef sc_height_huge sc_fly_static elementor-widget elementor-widget-spacer\" data-id=\"1c5c6ef\" data-element_type=\"widget\" data-e-type=\"widget\" data-widget_type=\"spacer.default\">\n\t\t\t\t<div class=\"elementor-widget-container\">\n\t\t\t\t\t\t\t<div class=\"elementor-spacer\">\n\t\t\t<div class=\"elementor-spacer-inner\"><\/div>\n\t\t<\/div>\n\t\t\t\t\t\t<\/div>\n\t\t\t\t<\/div>\n\t\t\t\t\t<\/div>\n\t\t<\/div>\n\t\t\t\t\t<\/div>\n\t\t<\/section>\n\t\t\t\t<section class=\"elementor-section elementor-top-section elementor-element elementor-element-d3d3d8d scheme_default elementor-section-boxed elementor-section-height-default elementor-section-height-default sc_fly_static\" data-id=\"d3d3d8d\" data-element_type=\"section\" data-e-type=\"section\" data-settings=\"{&quot;background_background&quot;:&quot;classic&quot;}\">\n\t\t\t\t\t\t<div class=\"elementor-container elementor-column-gap-extended\">\n\t\t\t\t\t<div class=\"elementor-column elementor-col-100 elementor-top-column elementor-element elementor-element-1c6d337 sc_content_align_inherit sc_layouts_column_icons_position_left sc_fly_static\" data-id=\"1c6d337\" data-element_type=\"column\" data-e-type=\"column\">\n\t\t\t<div class=\"elementor-widget-wrap elementor-element-populated\">\n\t\t\t\t\t\t<div class=\"elementor-element elementor-element-975a0ab sc_height_huge sc_fly_static elementor-widget elementor-widget-spacer\" data-id=\"975a0ab\" data-element_type=\"widget\" data-e-type=\"widget\" data-widget_type=\"spacer.default\">\n\t\t\t\t<div class=\"elementor-widget-container\">\n\t\t\t\t\t\t\t<div class=\"elementor-spacer\">\n\t\t\t<div class=\"elementor-spacer-inner\"><\/div>\n\t\t<\/div>\n\t\t\t\t\t\t<\/div>\n\t\t\t\t<\/div>\n\t\t\t\t<div class=\"elementor-element elementor-element-2e22494 sc_fly_static elementor-widget elementor-widget-trx_sc_title\" data-id=\"2e22494\" data-element_type=\"widget\" data-e-type=\"widget\" data-widget_type=\"trx_sc_title.default\">\n\t\t\t\t<div class=\"elementor-widget-container\">\n\t\t\t\t\t<div\t\tclass=\"sc_title sc_title_default\" ><span class=\"sc_item_subtitle sc_title_subtitle sc_align_center sc_item_subtitle_above sc_item_title_style_default\">Testimonials<\/span><h1 class=\"sc_item_title sc_title_title sc_align_center sc_item_title_style_default sc_item_title_tag\"\n\t\t\t><span class=\"sc_item_title_text\">Feedback from you<\/span><\/h1><\/div>\t\t\t\t<\/div>\n\t\t\t\t<\/div>\n\t\t\t\t<div class=\"elementor-element elementor-element-fda6b68 sc_height_small sc_fly_static elementor-widget elementor-widget-spacer\" data-id=\"fda6b68\" data-element_type=\"widget\" data-e-type=\"widget\" data-widget_type=\"spacer.default\">\n\t\t\t\t<div class=\"elementor-widget-container\">\n\t\t\t\t\t\t\t<div class=\"elementor-spacer\">\n\t\t\t<div class=\"elementor-spacer-inner\"><\/div>\n\t\t<\/div>\n\t\t\t\t\t\t<\/div>\n\t\t\t\t<\/div>\n\t\t\t\t<div class=\"elementor-element elementor-element-0ba793b sc_fly_static elementor-widget elementor-widget-trx_sc_testimonials\" data-id=\"0ba793b\" data-element_type=\"widget\" data-e-type=\"widget\" data-widget_type=\"trx_sc_testimonials.default\">\n\t\t\t\t<div class=\"elementor-widget-container\">\n\t\t\t\t\t<div \t\tclass=\"sc_testimonials sc_testimonials_decoration\"><div  class=\"sc_testimonials_slider sc_item_slider slider_swiper_outer slider_outer slider_outer_controls slider_outer_controls_side slider_outer_pagination slider_outer_pagination_custom slider_outer_pagination_pos_bottom slider_outer_nocentered slider_outer_overflow_hidden slider_outer_one\">\n\t<div  data-slides-per-view-breakpoints=\"{&quot;999999&quot;:1}\" data-slides-space-breakpoints=\"{&quot;999999&quot;:30}\" class=\"slider_container swiper-slider-container slider_swiper slider_noresize slider_controls slider_controls_side slider_pagination slider_pagination_custom slider_pagination_pos_bottom slider_nocentered slider_overflow_hidden slider_one\" data-slides-space=\"30\" data-effect=\"slide\" data-slides-min-width=\"290\" data-pagination=\"custom\" data-direction=\"horizontal\" data-mouse-wheel=\"0\" data-autoplay=\"0\" data-loop=\"1\" data-free-mode=\"0\" data-slides-centered=\"0\" data-slides-overflow=\"0\">\n\t\t<div class=\"slides slider-wrapper swiper-wrapper sc_item_columns_1\"><div class=\"slider-slide swiper-slide\"><div data-post-id=\"20783\" class=\"sc_testimonials_item sc_item_container post_container\">\n\t<div class=\"sc_testimonials_item_content\">\n<p><em>Thanks to Lecazar Legal Strategy, we were able to expand our operations in Colombia without legal complications.<\/em><\/p>\n<\/div>\n\t<div class=\"sc_testimonials_item_author\">\n\t\t<div class=\"sc_testimonials_item_author_data\">\n\t\t\t<h4 class=\"sc_testimonials_item_author_title\">Andrew Carroll<\/h4>\n\t\t\t\t\t<\/div>\n\t<\/div>\n<\/div>\n<\/div><div class=\"slider-slide swiper-slide\"><div data-post-id=\"20784\" class=\"sc_testimonials_item sc_item_container post_container\">\n\t<div class=\"sc_testimonials_item_content\">\n<p><em>Their team understands business needs like no one else; they gave us peace of mind and confidence.<\/em><\/p>\n<\/div>\n\t<div class=\"sc_testimonials_item_author\">\n\t\t<div class=\"sc_testimonials_item_author_data\">\n\t\t\t<h4 class=\"sc_testimonials_item_author_title\">Sydney Blaire<\/h4>\n\t\t\t\t\t<\/div>\n\t<\/div>\n<\/div>\n<\/div><div class=\"slider-slide swiper-slide\"><div data-post-id=\"20785\" class=\"sc_testimonials_item sc_item_container post_container\">\n\t<div class=\"sc_testimonials_item_content\">\n<p><em>With Lecazar, we optimized our legal strategy and secured our investment.<\/em><\/p>\n<\/div>\n\t<div class=\"sc_testimonials_item_author\">\n\t\t<div class=\"sc_testimonials_item_author_data\">\n\t\t\t<h4 class=\"sc_testimonials_item_author_title\">Olivia Baldwin<\/h4>\n\t\t\t\t\t<\/div>\n\t<\/div>\n<\/div>\n<\/div><\/div><div class=\"slider_controls_wrap\"><a class=\"slider_prev swiper-button-prev\" href=\"#\"><\/a><a class=\"slider_next swiper-button-next\" href=\"#\"><\/a><\/div><\/div><div class=\"slider_pagination_wrap swiper-pagination\"><span class=\"slider-pagination-button swiper-pagination-button swiper-pagination-button-active\" style=\"background-image: url(https:\/\/lecazarls.com\/wp-content\/uploads\/2020\/04\/testimonials-image2-120x120.jpg);\"><\/span><span class=\"slider-pagination-button swiper-pagination-button\" style=\"background-image: url(https:\/\/lecazarls.com\/wp-content\/uploads\/2020\/04\/testimonials-image3-120x120.jpg);\"><\/span><span class=\"slider-pagination-button swiper-pagination-button\" style=\"background-image: url(https:\/\/lecazarls.com\/wp-content\/uploads\/2022\/02\/testimonials-image4-120x120.jpg);\"><\/span><\/div><\/div><\/div><!-- \/.sc_testimonials -->\t\t\t\t<\/div>\n\t\t\t\t<\/div>\n\t\t\t\t<div class=\"elementor-element elementor-element-82fa8ee sc_height_huge sc_fly_static elementor-widget elementor-widget-spacer\" data-id=\"82fa8ee\" data-element_type=\"widget\" data-e-type=\"widget\" data-widget_type=\"spacer.default\">\n\t\t\t\t<div class=\"elementor-widget-container\">\n\t\t\t\t\t\t\t<div class=\"elementor-spacer\">\n\t\t\t<div class=\"elementor-spacer-inner\"><\/div>\n\t\t<\/div>\n\t\t\t\t\t\t<\/div>\n\t\t\t\t<\/div>\n\t\t\t\t\t<\/div>\n\t\t<\/div>\n\t\t\t\t\t<\/div>\n\t\t<\/section>\n\t\t\t\t<\/div>","protected":false},"excerpt":{"rendered":"<p>Amy Walker Accountant Natalie Green Business Coach David Jones Business Coach Nora Carter Business Coach&hellip;<\/p>","protected":false},"author":1,"featured_media":0,"parent":0,"menu_order":0,"comment_status":"closed","ping_status":"closed","template":"","meta":{"footnotes":""},"class_list":["post-18416","page","type-page","status-publish","hentry"],"_links":{"self":[{"href":"https:\/\/lecazarls.com\/en\/wp-json\/wp\/v2\/pages\/18416","targetHints":{"allow":["GET"]}}],"collection":[{"href":"https:\/\/lecazarls.com\/en\/wp-json\/wp\/v2\/pages"}],"about":[{"href":"https:\/\/lecazarls.com\/en\/wp-json\/wp\/v2\/types\/page"}],"author":[{"embeddable":true,"href":"https:\/\/lecazarls.com\/en\/wp-json\/wp\/v2\/users\/1"}],"replies":[{"embeddable":true,"href":"https:\/\/lecazarls.com\/en\/wp-json\/wp\/v2\/comments?post=18416"}],"version-history":[{"count":1,"href":"https:\/\/lecazarls.com\/en\/wp-json\/wp\/v2\/pages\/18416\/revisions"}],"predecessor-version":[{"id":23408,"href":"https:\/\/lecazarls.com\/en\/wp-json\/wp\/v2\/pages\/18416\/revisions\/23408"}],"wp:attachment":[{"href":"https:\/\/lecazarls.com\/en\/wp-json\/wp\/v2\/media?parent=18416"}],"curies":[{"name":"wp","href":"https:\/\/api.w.org\/{rel}","templated":true}]}}